{"id":1332,"date":"2021-02-28T16:10:17","date_gmt":"2021-02-28T15:10:17","guid":{"rendered":"https:\/\/challenges.agrisudouest.com\/?page_id=1332"},"modified":"2022-01-26T23:18:08","modified_gmt":"2022-01-26T22:18:08","slug":"inicio","status":"publish","type":"page","link":"https:\/\/challenges.agrisudouest.com\/es\/","title":{"rendered":"P\u00e1gina principal"},"content":{"rendered":"<p>[et_pb_section fb_built=\u00bb1&#8243; next_background_color=\u00bb#ffffff\u00bb admin_label=\u00bbHero\u00bb _builder_version=\u00bb3.22&#8243; background_color=\u00bb#f7f8fc\u00bb custom_padding=\u00bb|0px|6%|0px|false|false\u00bb bottom_divider_style=\u00bbasymmetric\u00bb bottom_divider_height=\u00bb40%\u00bb bottom_divider_height_tablet=\u00bb\u00bb bottom_divider_height_phone=\u00bb\u00bb bottom_divider_height_last_edited=\u00bbon|phone\u00bb][et_pb_row column_structure=\u00bb1_2,1_2&#8243; use_custom_gutter=\u00bbon\u00bb gutter_width=\u00bb1&#8243; custom_padding_last_edited=\u00bbon|desktop\u00bb padding_top_bottom_link_1=\u00bbtrue\u00bb _builder_version=\u00bb3.25&#8243; custom_margin=\u00bb|||\u00bb custom_padding=\u00bb|4%|0||false|false\u00bb custom_padding_tablet=\u00bb|0%||\u00bb custom_padding_phone=\u00bb\u00bb][et_pb_column type=\u00bb1_2&#8243; _builder_version=\u00bb3.25&#8243; custom_padding=\u00bb4%||4%|\u00bb custom_padding_tablet=\u00bb0px|||\u00bb custom_padding_last_edited=\u00bboff|desktop\u00bb padding_tablet=\u00bb0px|||\u00bb padding_last_edited=\u00bboff|desktop\u00bb custom_padding__hover=\u00bb|||\u00bb][et_pb_text _builder_version=\u00bb4.9.4&#8243; text_font=\u00bbMontserrat|300|||||||\u00bb text_font_size=\u00bb16px\u00bb text_line_height=\u00bb2em\u00bb header_font=\u00bb||||||||\u00bb header_font_size=\u00bb40px\u00bb header_line_height=\u00bb1.4em\u00bb max_width=\u00bb600px\u00bb custom_margin=\u00bb||30px|\u00bb custom_margin_last_edited=\u00bboff|desktop\u00bb header_font_size_tablet=\u00bb30px\u00bb header_font_size_phone=\u00bb24px\u00bb header_font_size_last_edited=\u00bbon|desktop\u00bb]<\/p>\n<h1>\u00a1Encuentre en desaf\u00edo que le corresponde!<\/h1>\n<p><span>\u00a1Descubra todos los desaf\u00edos organizados por nuestros miembros y proponga sus soluciones innovadoras!<\/span>[\/et_pb_text][et_pb_button button_url=\u00bb@ET-DC@eyJkeW5hbWljIjp0cnVlLCJjb250ZW50IjoicG9zdF9saW5rX3VybF9wYWdlIiwic2V0dGluZ3MiOnsicG9zdF9pZCI6IjEzNDIifX0=@\u00bb button_text=\u00bbDESCUBRA LOS DESAFIOS\u00bb _builder_version=\u00bb4.9.4&#8243; _dynamic_attributes=\u00bbbutton_url\u00bb custom_button=\u00bbon\u00bb button_text_size=\u00bb14px\u00bb button_text_color=\u00bb#ffffff\u00bb button_bg_color=\u00bb#1093d1&#8243; button_border_width=\u00bb0px\u00bb button_border_radius=\u00bb4px\u00bb button_letter_spacing=\u00bb1px\u00bb button_font=\u00bbMontserrat|||on|||||\u00bb background_layout=\u00bbdark\u00bb custom_margin=\u00bb|||\u00bb custom_padding=\u00bb16px|40px|16px|40px|true|true\u00bb button_border_radius_hover=\u00bb4px\u00bb button_letter_spacing_hover=\u00bb1px\u00bb button_bg_color_hover=\u00bb#0053ef\u00bb button_text_size__hover_enabled=\u00bboff\u00bb button_one_text_size__hover_enabled=\u00bboff\u00bb button_two_text_size__hover_enabled=\u00bboff\u00bb button_text_color__hover_enabled=\u00bbon|hover\u00bb button_text_color__hover=\u00bb#1093d1&#8243; button_one_text_color__hover_enabled=\u00bboff\u00bb button_two_text_color__hover_enabled=\u00bboff\u00bb button_border_width__hover_enabled=\u00bboff\u00bb button_one_border_width__hover_enabled=\u00bboff\u00bb button_two_border_width__hover_enabled=\u00bboff\u00bb button_border_color__hover_enabled=\u00bboff\u00bb button_one_border_color__hover_enabled=\u00bboff\u00bb button_two_border_color__hover_enabled=\u00bboff\u00bb button_border_radius__hover_enabled=\u00bbon\u00bb button_border_radius__hover=\u00bb4px\u00bb button_one_border_radius__hover_enabled=\u00bboff\u00bb button_two_border_radius__hover_enabled=\u00bboff\u00bb button_letter_spacing__hover_enabled=\u00bbon\u00bb button_letter_spacing__hover=\u00bb1px\u00bb button_one_letter_spacing__hover_enabled=\u00bboff\u00bb button_two_letter_spacing__hover_enabled=\u00bboff\u00bb button_bg_color__hover_enabled=\u00bbon|hover\u00bb button_bg_color__hover=\u00bb#FFFFFF\u00bb button_one_bg_color__hover_enabled=\u00bboff\u00bb button_two_bg_color__hover_enabled=\u00bboff\u00bb button_bg_enable_color__hover=\u00bbon\u00bb][\/et_pb_button][\/et_pb_column][et_pb_column type=\u00bb1_2&#8243; _builder_version=\u00bb3.25&#8243; custom_padding=\u00bb|||\u00bb custom_padding__hover=\u00bb|||\u00bb][et_pb_image src=\u00bbhttps:\/\/challenges.agrisudouest.com\/wp-content\/uploads\/2021\/04\/Sans-titre-1_Plan-de-travail-1-2.png\u00bb title_text=\u00bbSans titre &#8211; 1_Plan de travail 1&#8243; align_tablet=\u00bbcenter\u00bb align_phone=\u00bb\u00bb align_last_edited=\u00bbon|desktop\u00bb _builder_version=\u00bb4.9.2&#8243; custom_margin=\u00bb|||\u00bb animation_style=\u00bbzoom\u00bb animation_direction=\u00bbbottom\u00bb animation_intensity_zoom=\u00bb4%\u00bb][\/et_pb_image][\/et_pb_column][\/et_pb_row][et_pb_row _builder_version=\u00bb4.9.2&#8243; module_alignment=\u00bbcenter\u00bb custom_margin=\u00bb|10%||\u00bb custom_padding=\u00bb0|0px|0px|0px|false|false\u00bb][et_pb_column type=\u00bb4_4&#8243; _builder_version=\u00bb3.25&#8243; custom_padding=\u00bb|||\u00bb custom_padding__hover=\u00bb|||\u00bb][et_pb_cta title=\u00bbAgri Sud-Ouest Innovation, comprometidos con la innovaci\u00f3n colectiva!\u00bb button_url=\u00bbhttps:\/\/agrisudouest.com\u00bb url_new_window=\u00bbon\u00bb button_text=\u00bbM\u00c1S INFORMACI\u00d3N SOBRE LA INNOVACI\u00d3N DE AGRI SUD-OUEST INNOVATION\u00bb _builder_version=\u00bb4.9.4&#8243; header_font=\u00bbMontserrat|600|||||||\u00bb header_text_color=\u00bb#1093d1&#8243; header_font_size=\u00bb22px\u00bb header_line_height=\u00bb1.4em\u00bb body_font=\u00bbMontserrat|300|||||||\u00bb body_font_size=\u00bb16px\u00bb body_line_height=\u00bb2em\u00bb background_color=\u00bb#003bde\u00bb use_background_color_gradient=\u00bbon\u00bb background_color_gradient_start=\u00bb#ffffff\u00bb background_color_gradient_end=\u00bb#fcfcfc\u00bb background_color_gradient_direction=\u00bb160deg\u00bb custom_button=\u00bbon\u00bb button_text_size=\u00bb14px\u00bb button_text_color=\u00bb#FFFFFF\u00bb button_bg_color=\u00bb#1093d1&#8243; button_border_width=\u00bb10px\u00bb button_border_color=\u00bbrgba(0,0,0,0)\u00bb button_border_radius=\u00bb4px\u00bb button_letter_spacing=\u00bb1px\u00bb button_font=\u00bbMontserrat|||on|||||\u00bb background_layout=\u00bblight\u00bb custom_margin=\u00bb|||\u00bb custom_padding=\u00bb|15%||15%||true\u00bb animation_style=\u00bbslide\u00bb animation_direction=\u00bbleft\u00bb animation_intensity_slide=\u00bb2%\u00bb header_font_size_tablet=\u00bb30px\u00bb header_font_size_phone=\u00bb24px\u00bb header_font_size_last_edited=\u00bbon|desktop\u00bb border_radii=\u00bbon|10px|10px|10px|10px\u00bb box_shadow_style=\u00bbpreset3&#8243; box_shadow_vertical=\u00bb0px\u00bb box_shadow_blur=\u00bb140px\u00bb box_shadow_spread=\u00bb-20px\u00bb box_shadow_color=\u00bbrgba(55,104,238,0.4)\u00bb button_border_radius_hover=\u00bb4px\u00bb button_letter_spacing_hover=\u00bb1px\u00bb button_bg_color_hover=\u00bbrgba(0,59,222,0.18)\u00bb button_text_size__hover_enabled=\u00bboff\u00bb button_one_text_size__hover_enabled=\u00bboff\u00bb button_two_text_size__hover_enabled=\u00bboff\u00bb button_text_color__hover_enabled=\u00bbon|hover\u00bb button_text_color__hover=\u00bb#1093d1&#8243; button_one_text_color__hover_enabled=\u00bboff\u00bb button_two_text_color__hover_enabled=\u00bboff\u00bb button_border_width__hover_enabled=\u00bboff\u00bb button_one_border_width__hover_enabled=\u00bboff\u00bb button_two_border_width__hover_enabled=\u00bboff\u00bb button_border_color__hover_enabled=\u00bboff\u00bb button_one_border_color__hover_enabled=\u00bboff\u00bb button_two_border_color__hover_enabled=\u00bboff\u00bb button_border_radius__hover_enabled=\u00bbon\u00bb button_border_radius__hover=\u00bb4px\u00bb button_one_border_radius__hover_enabled=\u00bboff\u00bb button_two_border_radius__hover_enabled=\u00bboff\u00bb button_letter_spacing__hover_enabled=\u00bbon\u00bb button_letter_spacing__hover=\u00bb1px\u00bb button_one_letter_spacing__hover_enabled=\u00bboff\u00bb button_two_letter_spacing__hover_enabled=\u00bboff\u00bb button_bg_color__hover_enabled=\u00bbon|hover\u00bb button_bg_color__hover=\u00bb#FFFFFF\u00bb button_one_bg_color__hover_enabled=\u00bboff\u00bb button_two_bg_color__hover_enabled=\u00bboff\u00bb button_bg_enable_color__hover=\u00bbon\u00bb]El cl\u00faster de competitividad Agri Sud-Ouest Innovation re\u00fane actores p\u00fablicos y privados que operan en los sectores agr\u00edcola, agroalimentario y agroindustrial, en las regiones de Occitania y Nueva-Aquitania.[\/et_pb_cta][\/et_pb_column][\/et_pb_row][\/et_pb_section][et_pb_section fb_built=\u00bb1&#8243; admin_label=\u00bbAgents\u00bb _builder_version=\u00bb3.22&#8243;][et_pb_row column_structure=\u00bb1_2,1_2&#8243; _builder_version=\u00bb3.25&#8243;][et_pb_column type=\u00bb1_2&#8243; _builder_version=\u00bb3.25&#8243; custom_padding=\u00bb|||\u00bb custom_padding__hover=\u00bb|||\u00bb][et_pb_image src=\u00bbhttps:\/\/challenges.agrisudouest.com\/wp-content\/uploads\/2021\/04\/Sans-titre-1-02.png\u00bb title_text=\u00bbSans titre &#8211; 1-02&#8243; align_tablet=\u00bbcenter\u00bb align_phone=\u00bb\u00bb align_last_edited=\u00bbon|desktop\u00bb _builder_version=\u00bb4.9.2&#8243; custom_margin=\u00bb|||\u00bb animation_style=\u00bbzoom\u00bb animation_direction=\u00bbbottom\u00bb animation_intensity_zoom=\u00bb4%\u00bb][\/et_pb_image][\/et_pb_column][et_pb_column type=\u00bb1_2&#8243; _builder_version=\u00bb3.25&#8243; custom_padding=\u00bb|||\u00bb custom_padding_tablet=\u00bb0px|||\u00bb custom_padding_last_edited=\u00bboff|desktop\u00bb padding_tablet=\u00bb0px|||\u00bb padding_last_edited=\u00bboff|desktop\u00bb custom_padding__hover=\u00bb|||\u00bb][et_pb_divider color=\u00bb#1093d1&#8243; divider_weight=\u00bb3px\u00bb _builder_version=\u00bb4.9.2&#8243; max_width=\u00bb100px\u00bb custom_margin=\u00bb||0px|\u00bb][\/et_pb_divider][et_pb_text _builder_version=\u00bb4.9.4&#8243; text_font=\u00bbMontserrat|300|||||||\u00bb text_font_size=\u00bb16px\u00bb text_line_height=\u00bb2em\u00bb header_font=\u00bb||||||||\u00bb header_2_font=\u00bb||||||||\u00bb header_2_font_size=\u00bb36px\u00bb header_2_line_height=\u00bb1.4em\u00bb custom_margin=\u00bb||60px|\u00bb custom_margin_last_edited=\u00bboff|desktop\u00bb header_2_font_size_tablet=\u00bb30px\u00bb header_2_font_size_phone=\u00bb24px\u00bb header_2_font_size_last_edited=\u00bbon|phone\u00bb locked=\u00bboff\u00bb]<\/p>\n<h2>\u00bfQuiere organizar un reto?<\/h2>\n<p>Lo apoyamos en todas las etapas de la organizaci\u00f3n del\/de los desaf\u00edos(s) que desee lograr.<\/p>\n<p>Definici\u00f3n del proyecto, implementaci\u00f3n del reto, comunicaci\u00f3n, animaci\u00f3n del reto y apoyo a la gesti\u00f3n del proyecto, nos adaptamos a sus necesidades.[\/et_pb_text][et_pb_button button_url=\u00bb@ET-DC@eyJkeW5hbWljIjp0cnVlLCJjb250ZW50IjoicG9zdF9saW5rX3VybF9wYWdlIiwic2V0dGluZ3MiOnsicG9zdF9pZCI6IjEzNjcifX0=@\u00bb button_text=\u00bbQUIERO ORGANIZAR UN RETO\u00bb _builder_version=\u00bb4.9.4&#8243; _dynamic_attributes=\u00bbbutton_url\u00bb custom_button=\u00bbon\u00bb button_text_size=\u00bb14px\u00bb button_text_color=\u00bb#ffffff\u00bb button_bg_color=\u00bb#1093d1&#8243; button_border_width=\u00bb0px\u00bb button_border_radius=\u00bb4px\u00bb button_letter_spacing=\u00bb1px\u00bb button_font=\u00bbMontserrat|||on|||||\u00bb background_layout=\u00bbdark\u00bb custom_margin=\u00bb|||\u00bb custom_padding=\u00bb16px|40px|16px|40px|true|true\u00bb hover_enabled=\u00bb0&#8243; button_border_radius_hover=\u00bb4px\u00bb button_letter_spacing_hover=\u00bb1px\u00bb button_bg_color_hover=\u00bb#0053ef\u00bb locked=\u00bboff\u00bb button_text_size__hover_enabled=\u00bboff\u00bb button_one_text_size__hover_enabled=\u00bboff\u00bb button_two_text_size__hover_enabled=\u00bboff\u00bb button_text_color__hover_enabled=\u00bbon|hover\u00bb button_text_color__hover=\u00bb#1093d1&#8243; button_one_text_color__hover_enabled=\u00bboff\u00bb button_two_text_color__hover_enabled=\u00bboff\u00bb button_border_width__hover_enabled=\u00bbon|hover\u00bb button_border_width__hover=\u00bb0px\u00bb button_one_border_width__hover_enabled=\u00bboff\u00bb button_two_border_width__hover_enabled=\u00bboff\u00bb button_border_color__hover_enabled=\u00bbon|hover\u00bb button_border_color__hover=\u00bbRGBA(0,0,0,0)\u00bb button_one_border_color__hover_enabled=\u00bboff\u00bb button_two_border_color__hover_enabled=\u00bboff\u00bb button_border_radius__hover_enabled=\u00bbon\u00bb button_border_radius__hover=\u00bb4px\u00bb button_one_border_radius__hover_enabled=\u00bboff\u00bb button_two_border_radius__hover_enabled=\u00bboff\u00bb button_letter_spacing__hover_enabled=\u00bbon\u00bb button_letter_spacing__hover=\u00bb1px\u00bb button_one_letter_spacing__hover_enabled=\u00bboff\u00bb button_two_letter_spacing__hover_enabled=\u00bboff\u00bb button_bg_color__hover_enabled=\u00bbon|hover\u00bb button_bg_color__hover=\u00bb#f2f2f2&#8243; button_one_bg_color__hover_enabled=\u00bboff\u00bb button_two_bg_color__hover_enabled=\u00bboff\u00bb button_bg_enable_color__hover=\u00bbon\u00bb sticky_enabled=\u00bb0&#8243;][\/et_pb_button][\/et_pb_column][\/et_pb_row][\/et_pb_section]<\/p>\n","protected":false},"excerpt":{"rendered":"<p>\u00a1Encuentre en desaf\u00edo que le corresponde! \u00a1Descubra todos los desaf\u00edos organizados por nuestros miembros y proponga sus soluciones innovadoras!El cl\u00faster de competitividad Agri Sud-Ouest Innovation re\u00fane actores p\u00fablicos y privados que operan en los sectores agr\u00edcola, agroalimentario y agroindustrial, en las regiones de Occitania y Nueva-Aquitania.\u00bfQuiere organizar un reto? Lo apoyamos en todas las etapas [&hellip;]<\/p>\n","protected":false},"author":1,"featured_media":325,"parent":0,"menu_order":0,"comment_status":"closed","ping_status":"closed","template":"","meta":{"_et_pb_use_builder":"on","_et_pb_old_content":"","_et_gb_content_width":"","footnotes":""},"class_list":["post-1332","page","type-page","status-publish","has-post-thumbnail","hentry"],"acf":[],"yoast_head":"<!-- This site is optimized with the Yoast SEO plugin v27.2 - https:\/\/yoast.com\/product\/yoast-seo-wordpress\/ -->\n<title>La plateforme Challenges d&#039;Agri Sud-Ouest Innovation<\/title>\n<meta name=\"description\" content=\"Agri Sud-Ouest Innovation se dote d&#039;un nouvel outil pour conforter son activit\u00e9 d&#039;op\u00e9rateur d&#039;appels projets (AAP) et d&#039;appels \u00e0 manifestation d&#039;int\u00e9r\u00eat (AMI) : la plateforme &quot;Challenges&quot;.\" \/>\n<meta name=\"robots\" content=\"index, follow, max-snippet:-1, max-image-preview:large, max-video-preview:-1\" \/>\n<link rel=\"canonical\" href=\"https:\/\/challenges.agrisudouest.com\/es\/\" \/>\n<meta property=\"og:locale\" content=\"es_ES\" \/>\n<meta property=\"og:type\" content=\"article\" \/>\n<meta property=\"og:title\" content=\"La plateforme Challenges d&#039;Agri Sud-Ouest Innovation\" \/>\n<meta property=\"og:description\" content=\"Agri Sud-Ouest Innovation se dote d&#039;un nouvel outil pour conforter son activit\u00e9 d&#039;op\u00e9rateur d&#039;appels projets (AAP) et d&#039;appels \u00e0 manifestation d&#039;int\u00e9r\u00eat (AMI) : la plateforme &quot;Challenges&quot;.\" \/>\n<meta property=\"og:url\" content=\"https:\/\/challenges.agrisudouest.com\/es\/\" \/>\n<meta property=\"og:site_name\" content=\"Challenges !\" \/>\n<meta property=\"article:modified_time\" content=\"2022-01-26T22:18:08+00:00\" \/>\n<meta property=\"og:image\" content=\"https:\/\/challenges.agrisudouest.com\/wp-content\/uploads\/2021\/04\/Sans-titre-1_Plan-de-travail-1.png\" \/>\n\t<meta property=\"og:image:width\" content=\"500\" \/>\n\t<meta property=\"og:image:height\" content=\"500\" \/>\n\t<meta property=\"og:image:type\" content=\"image\/png\" \/>\n<meta name=\"twitter:card\" content=\"summary_large_image\" \/>\n<meta name=\"twitter:site\" content=\"@AgriSOI\" \/>\n<meta name=\"twitter:label1\" content=\"Tiempo de lectura\" \/>\n\t<meta name=\"twitter:data1\" content=\"3 minutos\" \/>\n<script type=\"application\/ld+json\" class=\"yoast-schema-graph\">{\"@context\":\"https:\/\/schema.org\",\"@graph\":[{\"@type\":\"WebPage\",\"@id\":\"https:\/\/challenges.agrisudouest.com\/es\/\",\"url\":\"https:\/\/challenges.agrisudouest.com\/es\/\",\"name\":\"La plateforme Challenges d'Agri Sud-Ouest Innovation\",\"isPartOf\":{\"@id\":\"https:\/\/challenges.agrisudouest.com\/es\/#website\"},\"primaryImageOfPage\":{\"@id\":\"https:\/\/challenges.agrisudouest.com\/es\/#primaryimage\"},\"image\":{\"@id\":\"https:\/\/challenges.agrisudouest.com\/es\/#primaryimage\"},\"thumbnailUrl\":\"https:\/\/challenges.agrisudouest.com\/wp-content\/uploads\/2021\/04\/Sans-titre-1_Plan-de-travail-1.png\",\"datePublished\":\"2021-02-28T15:10:17+00:00\",\"dateModified\":\"2022-01-26T22:18:08+00:00\",\"description\":\"Agri Sud-Ouest Innovation se dote d'un nouvel outil pour conforter son activit\u00e9 d'op\u00e9rateur d'appels projets (AAP) et d'appels \u00e0 manifestation d'int\u00e9r\u00eat (AMI) : la plateforme \\\"Challenges\\\".\",\"breadcrumb\":{\"@id\":\"https:\/\/challenges.agrisudouest.com\/es\/#breadcrumb\"},\"inLanguage\":\"es\",\"potentialAction\":[{\"@type\":\"ReadAction\",\"target\":[\"https:\/\/challenges.agrisudouest.com\/es\/\"]}]},{\"@type\":\"ImageObject\",\"inLanguage\":\"es\",\"@id\":\"https:\/\/challenges.agrisudouest.com\/es\/#primaryimage\",\"url\":\"https:\/\/challenges.agrisudouest.com\/wp-content\/uploads\/2021\/04\/Sans-titre-1_Plan-de-travail-1.png\",\"contentUrl\":\"https:\/\/challenges.agrisudouest.com\/wp-content\/uploads\/2021\/04\/Sans-titre-1_Plan-de-travail-1.png\",\"width\":500,\"height\":500},{\"@type\":\"BreadcrumbList\",\"@id\":\"https:\/\/challenges.agrisudouest.com\/es\/#breadcrumb\",\"itemListElement\":[{\"@type\":\"ListItem\",\"position\":1,\"name\":\"Accueil\",\"item\":\"https:\/\/challenges.agrisudouest.com\/es\/inicio\/\"},{\"@type\":\"ListItem\",\"position\":2,\"name\":\"P\u00e1gina principal\"}]},{\"@type\":\"WebSite\",\"@id\":\"https:\/\/challenges.agrisudouest.com\/es\/#website\",\"url\":\"https:\/\/challenges.agrisudouest.com\/es\/\",\"name\":\"Challenges !\",\"description\":\"Une plateforme d&#039;Agri Sud-Ouest Innovation\",\"publisher\":{\"@id\":\"https:\/\/challenges.agrisudouest.com\/es\/#organization\"},\"potentialAction\":[{\"@type\":\"SearchAction\",\"target\":{\"@type\":\"EntryPoint\",\"urlTemplate\":\"https:\/\/challenges.agrisudouest.com\/es\/?s={search_term_string}\"},\"query-input\":{\"@type\":\"PropertyValueSpecification\",\"valueRequired\":true,\"valueName\":\"search_term_string\"}}],\"inLanguage\":\"es\"},{\"@type\":\"Organization\",\"@id\":\"https:\/\/challenges.agrisudouest.com\/es\/#organization\",\"name\":\"Agri Sud-Ouest Innovation\",\"url\":\"https:\/\/challenges.agrisudouest.com\/es\/\",\"logo\":{\"@type\":\"ImageObject\",\"inLanguage\":\"es\",\"@id\":\"https:\/\/challenges.agrisudouest.com\/es\/#\/schema\/logo\/image\/\",\"url\":\"https:\/\/challenges.agrisudouest.com\/wp-content\/uploads\/2021\/04\/logo-BD-transparent-bleu.png\",\"contentUrl\":\"https:\/\/challenges.agrisudouest.com\/wp-content\/uploads\/2021\/04\/logo-BD-transparent-bleu.png\",\"width\":321,\"height\":201,\"caption\":\"Agri Sud-Ouest Innovation\"},\"image\":{\"@id\":\"https:\/\/challenges.agrisudouest.com\/es\/#\/schema\/logo\/image\/\"},\"sameAs\":[\"https:\/\/x.com\/AgriSOI\",\"https:\/\/www.linkedin.com\/company\/agri-sud-ouest-innovation\"]}]}<\/script>\n<!-- \/ Yoast SEO plugin. -->","yoast_head_json":{"title":"La plateforme Challenges d'Agri Sud-Ouest Innovation","description":"Agri Sud-Ouest Innovation se dote d'un nouvel outil pour conforter son activit\u00e9 d'op\u00e9rateur d'appels projets (AAP) et d'appels \u00e0 manifestation d'int\u00e9r\u00eat (AMI) : la plateforme \"Challenges\".","robots":{"index":"index","follow":"follow","max-snippet":"max-snippet:-1","max-image-preview":"max-image-preview:large","max-video-preview":"max-video-preview:-1"},"canonical":"https:\/\/challenges.agrisudouest.com\/es\/","og_locale":"es_ES","og_type":"article","og_title":"La plateforme Challenges d'Agri Sud-Ouest Innovation","og_description":"Agri Sud-Ouest Innovation se dote d'un nouvel outil pour conforter son activit\u00e9 d'op\u00e9rateur d'appels projets (AAP) et d'appels \u00e0 manifestation d'int\u00e9r\u00eat (AMI) : la plateforme \"Challenges\".","og_url":"https:\/\/challenges.agrisudouest.com\/es\/","og_site_name":"Challenges !","article_modified_time":"2022-01-26T22:18:08+00:00","og_image":[{"width":500,"height":500,"url":"https:\/\/challenges.agrisudouest.com\/wp-content\/uploads\/2021\/04\/Sans-titre-1_Plan-de-travail-1.png","type":"image\/png"}],"twitter_card":"summary_large_image","twitter_site":"@AgriSOI","twitter_misc":{"Tiempo de lectura":"3 minutos"},"schema":{"@context":"https:\/\/schema.org","@graph":[{"@type":"WebPage","@id":"https:\/\/challenges.agrisudouest.com\/es\/","url":"https:\/\/challenges.agrisudouest.com\/es\/","name":"La plateforme Challenges d'Agri Sud-Ouest Innovation","isPartOf":{"@id":"https:\/\/challenges.agrisudouest.com\/es\/#website"},"primaryImageOfPage":{"@id":"https:\/\/challenges.agrisudouest.com\/es\/#primaryimage"},"image":{"@id":"https:\/\/challenges.agrisudouest.com\/es\/#primaryimage"},"thumbnailUrl":"https:\/\/challenges.agrisudouest.com\/wp-content\/uploads\/2021\/04\/Sans-titre-1_Plan-de-travail-1.png","datePublished":"2021-02-28T15:10:17+00:00","dateModified":"2022-01-26T22:18:08+00:00","description":"Agri Sud-Ouest Innovation se dote d'un nouvel outil pour conforter son activit\u00e9 d'op\u00e9rateur d'appels projets (AAP) et d'appels \u00e0 manifestation d'int\u00e9r\u00eat (AMI) : la plateforme \"Challenges\".","breadcrumb":{"@id":"https:\/\/challenges.agrisudouest.com\/es\/#breadcrumb"},"inLanguage":"es","potentialAction":[{"@type":"ReadAction","target":["https:\/\/challenges.agrisudouest.com\/es\/"]}]},{"@type":"ImageObject","inLanguage":"es","@id":"https:\/\/challenges.agrisudouest.com\/es\/#primaryimage","url":"https:\/\/challenges.agrisudouest.com\/wp-content\/uploads\/2021\/04\/Sans-titre-1_Plan-de-travail-1.png","contentUrl":"https:\/\/challenges.agrisudouest.com\/wp-content\/uploads\/2021\/04\/Sans-titre-1_Plan-de-travail-1.png","width":500,"height":500},{"@type":"BreadcrumbList","@id":"https:\/\/challenges.agrisudouest.com\/es\/#breadcrumb","itemListElement":[{"@type":"ListItem","position":1,"name":"Accueil","item":"https:\/\/challenges.agrisudouest.com\/es\/inicio\/"},{"@type":"ListItem","position":2,"name":"P\u00e1gina principal"}]},{"@type":"WebSite","@id":"https:\/\/challenges.agrisudouest.com\/es\/#website","url":"https:\/\/challenges.agrisudouest.com\/es\/","name":"Challenges !","description":"Une plateforme d&#039;Agri Sud-Ouest Innovation","publisher":{"@id":"https:\/\/challenges.agrisudouest.com\/es\/#organization"},"potentialAction":[{"@type":"SearchAction","target":{"@type":"EntryPoint","urlTemplate":"https:\/\/challenges.agrisudouest.com\/es\/?s={search_term_string}"},"query-input":{"@type":"PropertyValueSpecification","valueRequired":true,"valueName":"search_term_string"}}],"inLanguage":"es"},{"@type":"Organization","@id":"https:\/\/challenges.agrisudouest.com\/es\/#organization","name":"Agri Sud-Ouest Innovation","url":"https:\/\/challenges.agrisudouest.com\/es\/","logo":{"@type":"ImageObject","inLanguage":"es","@id":"https:\/\/challenges.agrisudouest.com\/es\/#\/schema\/logo\/image\/","url":"https:\/\/challenges.agrisudouest.com\/wp-content\/uploads\/2021\/04\/logo-BD-transparent-bleu.png","contentUrl":"https:\/\/challenges.agrisudouest.com\/wp-content\/uploads\/2021\/04\/logo-BD-transparent-bleu.png","width":321,"height":201,"caption":"Agri Sud-Ouest Innovation"},"image":{"@id":"https:\/\/challenges.agrisudouest.com\/es\/#\/schema\/logo\/image\/"},"sameAs":["https:\/\/x.com\/AgriSOI","https:\/\/www.linkedin.com\/company\/agri-sud-ouest-innovation"]}]}},"_links":{"self":[{"href":"https:\/\/challenges.agrisudouest.com\/es\/wp-json\/wp\/v2\/pages\/1332","targetHints":{"allow":["GET"]}}],"collection":[{"href":"https:\/\/challenges.agrisudouest.com\/es\/wp-json\/wp\/v2\/pages"}],"about":[{"href":"https:\/\/challenges.agrisudouest.com\/es\/wp-json\/wp\/v2\/types\/page"}],"author":[{"embeddable":true,"href":"https:\/\/challenges.agrisudouest.com\/es\/wp-json\/wp\/v2\/users\/1"}],"replies":[{"embeddable":true,"href":"https:\/\/challenges.agrisudouest.com\/es\/wp-json\/wp\/v2\/comments?post=1332"}],"version-history":[{"count":7,"href":"https:\/\/challenges.agrisudouest.com\/es\/wp-json\/wp\/v2\/pages\/1332\/revisions"}],"predecessor-version":[{"id":1375,"href":"https:\/\/challenges.agrisudouest.com\/es\/wp-json\/wp\/v2\/pages\/1332\/revisions\/1375"}],"wp:featuredmedia":[{"embeddable":true,"href":"https:\/\/challenges.agrisudouest.com\/es\/wp-json\/wp\/v2\/media\/325"}],"wp:attachment":[{"href":"https:\/\/challenges.agrisudouest.com\/es\/wp-json\/wp\/v2\/media?parent=1332"}],"curies":[{"name":"wp","href":"https:\/\/api.w.org\/{rel}","templated":true}]}}