{"id":1342,"date":"2022-01-26T19:35:04","date_gmt":"2022-01-26T18:35:04","guid":{"rendered":"https:\/\/challenges.agrisudouest.com\/?page_id=1342"},"modified":"2022-02-01T10:48:03","modified_gmt":"2022-02-01T09:48:03","slug":"desafios","status":"publish","type":"page","link":"https:\/\/challenges.agrisudouest.com\/es\/desafios\/","title":{"rendered":"Desaf\u00edos"},"content":{"rendered":"\n\n\n\n\n\n[et_pb_section fb_built=\u00bb1&#8243; custom_padding_last_edited=\u00bbon|tablet\u00bb next_background_color=\u00bb#ffffff\u00bb admin_label=\u00bbHeader\u00bb _builder_version=\u00bb3.22.1&#8243; background_color=\u00bb#fcfaf7&#8243; background_image=\u00bbhttps:\/\/challenges.agrisudouest.com\/wp-content\/uploads\/2021\/03\/farm-38.png\u00bb background_position=\u00bbtop_center\u00bb custom_padding=\u00bb||11px|||\u00bb custom_padding_tablet=\u00bb||0vw|\u00bb custom_padding_phone=\u00bb\u00bb bottom_divider_style=\u00bbwave\u00bb bottom_divider_height=\u00bb80%\u00bb bottom_divider_repeat=\u00bb0.6x\u00bb bottom_divider_flip=\u00bbvertical|horizontal\u00bb][et_pb_row _builder_version=\u00bb3.25&#8243; custom_margin=\u00bb100px||\u00bb custom_margin_tablet=\u00bb||\u00bb custom_margin_phone=\u00bb0px|||\u00bb custom_margin_last_edited=\u00bbon|tablet\u00bb][et_pb_column type=\u00bb4_4&#8243; _builder_version=\u00bb3.25&#8243; custom_padding=\u00bb|||\u00bb custom_padding__hover=\u00bb|||\u00bb][et_pb_text _builder_version=\u00bb3.27.4&#8243; header_font=\u00bbCormorant Garamond|700|||||||\u00bb header_text_color=\u00bb#002855&#8243; header_font_size=\u00bb70px\u00bb header_letter_spacing=\u00bb1px\u00bb header_line_height=\u00bb1.2em\u00bb text_orientation=\u00bbcenter\u00bb max_width=\u00bb800px\u00bb module_alignment=\u00bbcenter\u00bb header_font_size_tablet=\u00bb40px\u00bb header_font_size_phone=\u00bb34px\u00bb header_font_size_last_edited=\u00bbon|desktop\u00bb header_letter_spacing_tablet=\u00bb0px\u00bb header_letter_spacing_phone=\u00bb0px\u00bb header_letter_spacing_last_edited=\u00bbon|tablet\u00bb]<h1>Tous nos Appels \u00e0 Manifestation d&#8217;Int\u00e9r\u00eat<\/h1>[\/et_pb_text][et_pb_text _builder_version=\u00bb4.9.1&#8243; text_font=\u00bbOpen Sans||||||||\u00bb text_font_size=\u00bb17px\u00bb text_letter_spacing=\u00bb0.5px\u00bb text_line_height=\u00bb2em\u00bb transform_scale_tablet=\u00bb\u00bb transform_scale_phone=\u00bb\u00bb transform_scale_last_edited=\u00bbon|desktop\u00bb transform_translate_tablet=\u00bb\u00bb transform_translate_phone=\u00bb\u00bb transform_translate_last_edited=\u00bbon|desktop\u00bb transform_rotate_tablet=\u00bb\u00bb transform_rotate_phone=\u00bb\u00bb transform_rotate_last_edited=\u00bbon|desktop\u00bb transform_skew_tablet=\u00bb\u00bb transform_skew_phone=\u00bb\u00bb transform_skew_last_edited=\u00bbon|desktop\u00bb transform_origin_tablet=\u00bb\u00bb transform_origin_phone=\u00bb\u00bb transform_origin_last_edited=\u00bbon|desktop\u00bb transform_styles_last_edited=\u00bbon|desktop\u00bb text_orientation=\u00bbcenter\u00bb max_width=\u00bb800px\u00bb module_alignment=\u00bbcenter\u00bb custom_padding=\u00bb||10px|||\u00bb text_font_size_tablet=\u00bb16px\u00bb text_font_size_phone=\u00bb14px\u00bb text_font_size_last_edited=\u00bbon|phone\u00bb text_letter_spacing_tablet=\u00bb\u00bb text_letter_spacing_phone=\u00bb0px\u00bb text_letter_spacing_last_edited=\u00bbon|tablet\u00bb transform_styles_tablet=\u00bb\u00bb transform_styles_phone=\u00bb\u00bb]<p>Retrouvez ci-dessous l&#8217;ensemble des AMI qu&#8217;ils soient actifs ou termin\u00e9s.<\/p>[\/et_pb_text][\/et_pb_column][\/et_pb_row][et_pb_row _builder_version=\u00bb4.9.1&#8243; _module_preset=\u00bbdefault\u00bb][et_pb_column type=\u00bb4_4&#8243; _builder_version=\u00bb4.9.1&#8243; _module_preset=\u00bbdefault\u00bb][et_pb_code _builder_version=\u00bb4.9.1&#8243; _module_preset=\u00bbdefault\u00bb hover_enabled=\u00bb0&#8243; sticky_enabled=\u00bb0&#8243;][facetwp facet=\u00bbcategories\u00bb][\/et_pb_code][\/et_pb_column][\/et_pb_row][\/et_pb_section][et_pb_section fb_built=\u00bb1&#8243; admin_label=\u00bbBlog\u00bb _builder_version=\u00bb4.9.1&#8243; custom_padding=\u00bb10px|||||\u00bb][et_pb_row make_equal=\u00bbon\u00bb custom_padding_last_edited=\u00bbon|phone\u00bb _builder_version=\u00bb4.9.1&#8243; background_color=\u00bbRGBA(0,0,0,0)\u00bb background_position=\u00bbbottom_left\u00bb width_tablet=\u00bb90%\u00bb width_phone=\u00bb\u00bb width_last_edited=\u00bbon|tablet\u00bb max_width=\u00bb1280px\u00bb custom_padding=\u00bb45px|80px|3px|80px|false|true\u00bb custom_padding_tablet=\u00bb|40px||40px||true\u00bb custom_padding_phone=\u00bb|20px||20px||true\u00bb hover_enabled=\u00bb0&#8243; border_radii=\u00bbon|8px|8px|8px|8px\u00bb border_color_all=\u00bbrgba(0,0,0,0.1)\u00bb sticky_enabled=\u00bb0&#8243;][et_pb_column type=\u00bb4_4&#8243; _builder_version=\u00bb4.9.1&#8243; background_color=\u00bbRGBA(0,0,0,0)\u00bb custom_padding=\u00bb|||\u00bb custom_padding__hover=\u00bb|||\u00bb][et_pb_blog fullwidth=\u00bboff\u00bb post_type=\u00bbami\u00bb posts_number=\u00bb9&#8243; show_author=\u00bboff\u00bb show_date=\u00bboff\u00bb show_categories=\u00bboff\u00bb use_overlay=\u00bbon\u00bb hover_overlay_color=\u00bbrgba(2,0,0,0.25)\u00bb hover_icon=\u00bb%%52%%\u00bb masonry_tile_background_color=\u00bbRGBA(0,0,0,0)\u00bb _builder_version=\u00bb4.9.1&#8243; header_font=\u00bbMontserrat|600|||||||\u00bb header_text_color=\u00bb#32855E\u00bb header_font_size=\u00bb22px\u00bb body_font=\u00bbMontserrat||||||||\u00bb body_line_height=\u00bb1.9em\u00bb meta_font=\u00bbCormorant Garamond|700|||||||\u00bb meta_text_color=\u00bbrgba(0,0,0,0.24)\u00bb meta_font_size=\u00bb15px\u00bb meta_line_height=\u00bb2em\u00bb pagination_font=\u00bbCormorant Garamond|700|||||||\u00bb pagination_text_color=\u00bb#57ac5a\u00bb pagination_font_size=\u00bb30px\u00bb background_enable_color=\u00bboff\u00bb pagination_font_size_tablet=\u00bb\u00bb pagination_font_size_phone=\u00bb20px\u00bb pagination_font_size_last_edited=\u00bbon|phone\u00bb border_radii=\u00bbon|14px|14px|14px|14px\u00bb border_width_all=\u00bb0px\u00bb box_shadow_style=\u00bbpreset1&#8243;][\/et_pb_blog][\/et_pb_column][\/et_pb_row][\/et_pb_section][et_pb_section fb_built=\u00bb1&#8243; specialty=\u00bbon\u00bb prev_background_color=\u00bb#ffffff\u00bb padding_top_2=\u00bb120px\u00bb padding_2_tablet=\u00bb0px|||\u00bb padding_2_phone=\u00bb\u00bb padding_2_last_edited=\u00bbon|tablet\u00bb admin_label=\u00bbFooter\u00bb _builder_version=\u00bb3.22.1&#8243; background_image=\u00bbhttps:\/\/challenges.agrisudouest.com\/wp-content\/uploads\/2021\/02\/farm-08.jpg\u00bb parallax=\u00bbon\u00bb custom_padding=\u00bb16vw||17vw||false|\u00bb top_divider_style=\u00bbwaves\u00bb top_divider_height=\u00bb15vw\u00bb top_divider_repeat=\u00bb0.5x\u00bb][et_pb_column type=\u00bb1_2&#8243; _builder_version=\u00bb3.25&#8243; custom_padding=\u00bb|||\u00bb custom_padding__hover=\u00bb|||\u00bb][et_pb_text _builder_version=\u00bb3.27.4&#8243; header_font=\u00bb||||||||\u00bb header_2_font=\u00bbCormorant Garamond|700|||||||\u00bb header_2_text_color=\u00bb#002855&#8243; header_2_font_size=\u00bb50px\u00bb header_2_line_height=\u00bb1.2em\u00bb header_2_font_size_tablet=\u00bb36px\u00bb header_2_font_size_phone=\u00bb28px\u00bb header_2_font_size_last_edited=\u00bbon|phone\u00bb header_2_letter_spacing_tablet=\u00bb0px\u00bb header_2_letter_spacing_phone=\u00bb0px\u00bb header_2_letter_spacing_last_edited=\u00bboff|tablet\u00bb locked=\u00bboff\u00bb]<h2>Get In Touch or Visit The Farm Anytime<\/h2>[\/et_pb_text][et_pb_text _builder_version=\u00bb3.27.4&#8243; text_font=\u00bbOpen Sans||||||||\u00bb text_text_color=\u00bbrgba(0,40,85,0.7)\u00bb text_font_size=\u00bb17px\u00bb text_letter_spacing=\u00bb0.5px\u00bb text_line_height=\u00bb2em\u00bb header_font=\u00bb||||||||\u00bb transform_scale_tablet=\u00bb\u00bb transform_scale_phone=\u00bb\u00bb transform_scale_last_edited=\u00bbon|desktop\u00bb transform_translate_tablet=\u00bb\u00bb transform_translate_phone=\u00bb\u00bb transform_translate_last_edited=\u00bbon|desktop\u00bb transform_rotate_tablet=\u00bb\u00bb transform_rotate_phone=\u00bb\u00bb transform_rotate_last_edited=\u00bbon|desktop\u00bb transform_skew_tablet=\u00bb\u00bb transform_skew_phone=\u00bb\u00bb transform_skew_last_edited=\u00bbon|desktop\u00bb transform_origin_tablet=\u00bb\u00bb transform_origin_phone=\u00bb\u00bb transform_origin_last_edited=\u00bbon|desktop\u00bb transform_styles_last_edited=\u00bbon|desktop\u00bb text_font_size_tablet=\u00bb16px\u00bb text_font_size_phone=\u00bb14px\u00bb text_font_size_last_edited=\u00bbon|phone\u00bb text_letter_spacing_tablet=\u00bb\u00bb text_letter_spacing_phone=\u00bb0px\u00bb text_letter_spacing_last_edited=\u00bbon|tablet\u00bb transform_styles_tablet=\u00bb\u00bb transform_styles_phone=\u00bb\u00bb locked=\u00bboff\u00bb]<p>Donec rutrum congue leo eget malesuada. Donec sollicitudin molestie malesuada. Curabitur aliquet quam id dui posuere blandit. Quisque velit nisi, pre<\/p>[\/et_pb_text][et_pb_button button_text=\u00bbSend a Message\u00bb _builder_version=\u00bb3.22.1&#8243; custom_button=\u00bbon\u00bb button_text_color=\u00bb#ffffff\u00bb button_bg_use_color_gradient=\u00bbon\u00bb button_bg_color_gradient_start=\u00bb#002855&#8243; button_bg_color_gradient_end=\u00bb#0b3564&#8243; button_bg_color_gradient_direction=\u00bb-60deg\u00bb button_border_width=\u00bb0px\u00bb button_border_radius=\u00bb6px\u00bb button_font=\u00bbCormorant Garamond|700|||||||\u00bb custom_margin=\u00bb60px|||||\u00bb custom_padding=\u00bb10px|40px|10px|40px|true|true\u00bb box_shadow_style=\u00bbpreset1&#8243; box_shadow_vertical=\u00bb20px\u00bb box_shadow_blur=\u00bb40px\u00bb box_shadow_color=\u00bbrgba(0,40,85,0.4)\u00bb locked=\u00bboff\u00bb][\/et_pb_button][\/et_pb_column][et_pb_column type=\u00bb1_2&#8243; specialty_columns=\u00bb2&#8243; _builder_version=\u00bb3.25&#8243; custom_padding=\u00bb|||\u00bb custom_padding__hover=\u00bb|||\u00bb][et_pb_row_inner _builder_version=\u00bb3.25&#8243; background_color=\u00bb#ffffff\u00bb custom_padding=\u00bb40px|40px|40px|40px|true|true\u00bb border_radii=\u00bbon|6px|6px|6px|6px\u00bb box_shadow_style=\u00bbpreset1&#8243; box_shadow_vertical=\u00bb20px\u00bb box_shadow_blur=\u00bb40px\u00bb box_shadow_color=\u00bbrgba(0,40,85,0.4)\u00bb][et_pb_column_inner saved_specialty_column_type=\u00bb1_2&#8243; _builder_version=\u00bb3.25&#8243; custom_padding=\u00bb|||\u00bb custom_padding__hover=\u00bb|||\u00bb][et_pb_text _builder_version=\u00bb3.27.4&#8243; text_font=\u00bbCormorant Garamond|700|||||||\u00bb text_text_color=\u00bb#002855&#8243; text_font_size=\u00bb24px\u00bb text_letter_spacing=\u00bb0.5px\u00bb text_line_height=\u00bb2em\u00bb transform_scale_tablet=\u00bb\u00bb transform_scale_phone=\u00bb\u00bb transform_scale_last_edited=\u00bbon|desktop\u00bb transform_translate_tablet=\u00bb\u00bb transform_translate_phone=\u00bb\u00bb transform_translate_last_edited=\u00bbon|desktop\u00bb transform_rotate_tablet=\u00bb\u00bb transform_rotate_phone=\u00bb\u00bb transform_rotate_last_edited=\u00bbon|desktop\u00bb transform_skew_tablet=\u00bb\u00bb transform_skew_phone=\u00bb\u00bb transform_skew_last_edited=\u00bbon|desktop\u00bb transform_origin_tablet=\u00bb\u00bb transform_origin_phone=\u00bb\u00bb transform_origin_last_edited=\u00bbon|desktop\u00bb transform_styles_last_edited=\u00bbon|desktop\u00bb text_font_size_tablet=\u00bb\u00bb text_font_size_phone=\u00bb18px\u00bb text_font_size_last_edited=\u00bbon|phone\u00bb text_letter_spacing_tablet=\u00bb\u00bb text_letter_spacing_phone=\u00bb0px\u00bb text_letter_spacing_last_edited=\u00bbon|tablet\u00bb transform_styles_tablet=\u00bb\u00bb transform_styles_phone=\u00bb\u00bb locked=\u00bboff\u00bb]<p>(235) 236-3262<br \/> hello@divifarming.com<\/p>[\/et_pb_text][et_pb_social_media_follow _builder_version=\u00bb3.22.1&#8243;][et_pb_social_media_follow_network social_network=\u00bbfacebook\u00bb _builder_version=\u00bb3.22.1&#8243; background_color=\u00bb#3b5998&#8243; custom_margin=\u00bb|4px||4px||true\u00bb custom_padding=\u00bb8px|8px|8px|8px|true|true\u00bb follow_button=\u00bboff\u00bb url_new_window=\u00bbon\u00bb]facebook[\/et_pb_social_media_follow_network][et_pb_social_media_follow_network social_network=\u00bbtwitter\u00bb _builder_version=\u00bb3.22.1&#8243; background_color=\u00bb#00aced\u00bb custom_margin=\u00bb|4px||4px||true\u00bb custom_padding=\u00bb8px|8px|8px|8px|true|true\u00bb follow_button=\u00bboff\u00bb url_new_window=\u00bbon\u00bb]twitter[\/et_pb_social_media_follow_network][et_pb_social_media_follow_network social_network=\u00bbinstagram\u00bb _builder_version=\u00bb3.22.1&#8243; background_color=\u00bb#ea2c59&#8243; custom_margin=\u00bb|4px||4px||true\u00bb custom_padding=\u00bb8px|8px|8px|8px|true|true\u00bb follow_button=\u00bboff\u00bb url_new_window=\u00bbon\u00bb]instagram[\/et_pb_social_media_follow_network][et_pb_social_media_follow_network social_network=\u00bbyoutube\u00bb _builder_version=\u00bb3.22.1&#8243; background_color=\u00bb#a82400&#8243; custom_margin=\u00bb|4px||4px||true\u00bb custom_padding=\u00bb8px|8px|8px|8px|true|true\u00bb follow_button=\u00bboff\u00bb url_new_window=\u00bbon\u00bb]youtube[\/et_pb_social_media_follow_network][\/et_pb_social_media_follow][\/et_pb_column_inner][\/et_pb_row_inner][\/et_pb_column][\/et_pb_section]\n\n\n\n\n\n","protected":false},"excerpt":{"rendered":"<p>Tous nos Appels \u00e0 Manifestation d&#8217;Int\u00e9r\u00eatRetrouvez ci-dessous l&#8217;ensemble des AMI qu&#8217;ils soient actifs ou termin\u00e9s.[facetwp facet=\u00bbcategories\u00bb]Get In Touch or Visit The Farm AnytimeDonec rutrum congue leo eget malesuada. Donec sollicitudin molestie malesuada. Curabitur aliquet quam id dui posuere blandit. Quisque velit nisi, pre(235) 236-3262 hello@divifarming.com<\/p>\n","protected":false},"author":1,"featured_media":0,"parent":0,"menu_order":0,"comment_status":"closed","ping_status":"closed","template":"all-challenges.php","meta":{"_et_pb_use_builder":"on","_et_pb_old_content":"","_et_gb_content_width":"","footnotes":""},"class_list":["post-1342","page","type-page","status-publish","hentry"],"acf":[],"yoast_head":"<!-- This site is optimized with the Yoast SEO plugin v27.2 - https:\/\/yoast.com\/product\/yoast-seo-wordpress\/ -->\n<title>Desaf\u00edos - Challenges !<\/title>\n<meta name=\"robots\" content=\"index, follow, max-snippet:-1, max-image-preview:large, max-video-preview:-1\" \/>\n<link rel=\"canonical\" href=\"https:\/\/challenges.agrisudouest.com\/es\/desafios\/\" \/>\n<meta property=\"og:locale\" content=\"es_ES\" \/>\n<meta property=\"og:type\" content=\"article\" \/>\n<meta property=\"og:title\" content=\"Desaf\u00edos - Challenges !\" \/>\n<meta property=\"og:description\" content=\"Tous nos Appels \u00e0 Manifestation d&#039;Int\u00e9r\u00eatRetrouvez ci-dessous l&#039;ensemble des AMI qu&#039;ils soient actifs ou termin\u00e9s.[facetwp facet=&quot;categories&quot;]Get In Touch or Visit The Farm AnytimeDonec rutrum congue leo eget malesuada. Donec sollicitudin molestie malesuada. Curabitur aliquet quam id dui posuere blandit. Quisque velit nisi, pre(235) 236-3262 hello@divifarming.com\" \/>\n<meta property=\"og:url\" content=\"https:\/\/challenges.agrisudouest.com\/es\/desafios\/\" \/>\n<meta property=\"og:site_name\" content=\"Challenges !\" \/>\n<meta property=\"article:modified_time\" content=\"2022-02-01T09:48:03+00:00\" \/>\n<meta property=\"og:image\" content=\"https:\/\/challenges.agrisudouest.com\/wp-content\/uploads\/2021\/04\/Sans-titre-1_Plan-de-travail-1-1.png\" \/>\n\t<meta property=\"og:image:width\" content=\"652\" \/>\n\t<meta property=\"og:image:height\" content=\"500\" \/>\n\t<meta property=\"og:image:type\" content=\"image\/png\" \/>\n<meta name=\"twitter:card\" content=\"summary_large_image\" \/>\n<meta name=\"twitter:site\" content=\"@AgriSOI\" \/>\n<meta name=\"twitter:label1\" content=\"Tiempo de lectura\" \/>\n\t<meta name=\"twitter:data1\" content=\"2 minutos\" \/>\n<script type=\"application\/ld+json\" class=\"yoast-schema-graph\">{\"@context\":\"https:\/\/schema.org\",\"@graph\":[{\"@type\":\"WebPage\",\"@id\":\"https:\/\/challenges.agrisudouest.com\/es\/desafios\/\",\"url\":\"https:\/\/challenges.agrisudouest.com\/es\/desafios\/\",\"name\":\"Desaf\u00edos - Challenges !\",\"isPartOf\":{\"@id\":\"https:\/\/challenges.agrisudouest.com\/es\/#website\"},\"datePublished\":\"2022-01-26T18:35:04+00:00\",\"dateModified\":\"2022-02-01T09:48:03+00:00\",\"breadcrumb\":{\"@id\":\"https:\/\/challenges.agrisudouest.com\/es\/desafios\/#breadcrumb\"},\"inLanguage\":\"es\",\"potentialAction\":[{\"@type\":\"ReadAction\",\"target\":[\"https:\/\/challenges.agrisudouest.com\/es\/desafios\/\"]}]},{\"@type\":\"BreadcrumbList\",\"@id\":\"https:\/\/challenges.agrisudouest.com\/es\/desafios\/#breadcrumb\",\"itemListElement\":[{\"@type\":\"ListItem\",\"position\":1,\"name\":\"Accueil\",\"item\":\"https:\/\/challenges.agrisudouest.com\/es\/inicio\/\"},{\"@type\":\"ListItem\",\"position\":2,\"name\":\"Desaf\u00edos\"}]},{\"@type\":\"WebSite\",\"@id\":\"https:\/\/challenges.agrisudouest.com\/es\/#website\",\"url\":\"https:\/\/challenges.agrisudouest.com\/es\/\",\"name\":\"Challenges !\",\"description\":\"Une plateforme d&#039;Agri Sud-Ouest Innovation\",\"publisher\":{\"@id\":\"https:\/\/challenges.agrisudouest.com\/es\/#organization\"},\"potentialAction\":[{\"@type\":\"SearchAction\",\"target\":{\"@type\":\"EntryPoint\",\"urlTemplate\":\"https:\/\/challenges.agrisudouest.com\/es\/?s={search_term_string}\"},\"query-input\":{\"@type\":\"PropertyValueSpecification\",\"valueRequired\":true,\"valueName\":\"search_term_string\"}}],\"inLanguage\":\"es\"},{\"@type\":\"Organization\",\"@id\":\"https:\/\/challenges.agrisudouest.com\/es\/#organization\",\"name\":\"Agri Sud-Ouest Innovation\",\"url\":\"https:\/\/challenges.agrisudouest.com\/es\/\",\"logo\":{\"@type\":\"ImageObject\",\"inLanguage\":\"es\",\"@id\":\"https:\/\/challenges.agrisudouest.com\/es\/#\/schema\/logo\/image\/\",\"url\":\"https:\/\/challenges.agrisudouest.com\/wp-content\/uploads\/2021\/04\/logo-BD-transparent-bleu.png\",\"contentUrl\":\"https:\/\/challenges.agrisudouest.com\/wp-content\/uploads\/2021\/04\/logo-BD-transparent-bleu.png\",\"width\":321,\"height\":201,\"caption\":\"Agri Sud-Ouest Innovation\"},\"image\":{\"@id\":\"https:\/\/challenges.agrisudouest.com\/es\/#\/schema\/logo\/image\/\"},\"sameAs\":[\"https:\/\/x.com\/AgriSOI\",\"https:\/\/www.linkedin.com\/company\/agri-sud-ouest-innovation\"]}]}<\/script>\n<!-- \/ Yoast SEO plugin. -->","yoast_head_json":{"title":"Desaf\u00edos - Challenges !","robots":{"index":"index","follow":"follow","max-snippet":"max-snippet:-1","max-image-preview":"max-image-preview:large","max-video-preview":"max-video-preview:-1"},"canonical":"https:\/\/challenges.agrisudouest.com\/es\/desafios\/","og_locale":"es_ES","og_type":"article","og_title":"Desaf\u00edos - Challenges !","og_description":"Tous nos Appels \u00e0 Manifestation d'Int\u00e9r\u00eatRetrouvez ci-dessous l'ensemble des AMI qu'ils soient actifs ou termin\u00e9s.[facetwp facet=\"categories\"]Get In Touch or Visit The Farm AnytimeDonec rutrum congue leo eget malesuada. Donec sollicitudin molestie malesuada. Curabitur aliquet quam id dui posuere blandit. Quisque velit nisi, pre(235) 236-3262 hello@divifarming.com","og_url":"https:\/\/challenges.agrisudouest.com\/es\/desafios\/","og_site_name":"Challenges !","article_modified_time":"2022-02-01T09:48:03+00:00","og_image":[{"width":652,"height":500,"url":"https:\/\/challenges.agrisudouest.com\/wp-content\/uploads\/2021\/04\/Sans-titre-1_Plan-de-travail-1-1.png","type":"image\/png"}],"twitter_card":"summary_large_image","twitter_site":"@AgriSOI","twitter_misc":{"Tiempo de lectura":"2 minutos"},"schema":{"@context":"https:\/\/schema.org","@graph":[{"@type":"WebPage","@id":"https:\/\/challenges.agrisudouest.com\/es\/desafios\/","url":"https:\/\/challenges.agrisudouest.com\/es\/desafios\/","name":"Desaf\u00edos - Challenges !","isPartOf":{"@id":"https:\/\/challenges.agrisudouest.com\/es\/#website"},"datePublished":"2022-01-26T18:35:04+00:00","dateModified":"2022-02-01T09:48:03+00:00","breadcrumb":{"@id":"https:\/\/challenges.agrisudouest.com\/es\/desafios\/#breadcrumb"},"inLanguage":"es","potentialAction":[{"@type":"ReadAction","target":["https:\/\/challenges.agrisudouest.com\/es\/desafios\/"]}]},{"@type":"BreadcrumbList","@id":"https:\/\/challenges.agrisudouest.com\/es\/desafios\/#breadcrumb","itemListElement":[{"@type":"ListItem","position":1,"name":"Accueil","item":"https:\/\/challenges.agrisudouest.com\/es\/inicio\/"},{"@type":"ListItem","position":2,"name":"Desaf\u00edos"}]},{"@type":"WebSite","@id":"https:\/\/challenges.agrisudouest.com\/es\/#website","url":"https:\/\/challenges.agrisudouest.com\/es\/","name":"Challenges !","description":"Une plateforme d&#039;Agri Sud-Ouest Innovation","publisher":{"@id":"https:\/\/challenges.agrisudouest.com\/es\/#organization"},"potentialAction":[{"@type":"SearchAction","target":{"@type":"EntryPoint","urlTemplate":"https:\/\/challenges.agrisudouest.com\/es\/?s={search_term_string}"},"query-input":{"@type":"PropertyValueSpecification","valueRequired":true,"valueName":"search_term_string"}}],"inLanguage":"es"},{"@type":"Organization","@id":"https:\/\/challenges.agrisudouest.com\/es\/#organization","name":"Agri Sud-Ouest Innovation","url":"https:\/\/challenges.agrisudouest.com\/es\/","logo":{"@type":"ImageObject","inLanguage":"es","@id":"https:\/\/challenges.agrisudouest.com\/es\/#\/schema\/logo\/image\/","url":"https:\/\/challenges.agrisudouest.com\/wp-content\/uploads\/2021\/04\/logo-BD-transparent-bleu.png","contentUrl":"https:\/\/challenges.agrisudouest.com\/wp-content\/uploads\/2021\/04\/logo-BD-transparent-bleu.png","width":321,"height":201,"caption":"Agri Sud-Ouest Innovation"},"image":{"@id":"https:\/\/challenges.agrisudouest.com\/es\/#\/schema\/logo\/image\/"},"sameAs":["https:\/\/x.com\/AgriSOI","https:\/\/www.linkedin.com\/company\/agri-sud-ouest-innovation"]}]}},"_links":{"self":[{"href":"https:\/\/challenges.agrisudouest.com\/es\/wp-json\/wp\/v2\/pages\/1342","targetHints":{"allow":["GET"]}}],"collection":[{"href":"https:\/\/challenges.agrisudouest.com\/es\/wp-json\/wp\/v2\/pages"}],"about":[{"href":"https:\/\/challenges.agrisudouest.com\/es\/wp-json\/wp\/v2\/types\/page"}],"author":[{"embeddable":true,"href":"https:\/\/challenges.agrisudouest.com\/es\/wp-json\/wp\/v2\/users\/1"}],"replies":[{"embeddable":true,"href":"https:\/\/challenges.agrisudouest.com\/es\/wp-json\/wp\/v2\/comments?post=1342"}],"version-history":[{"count":3,"href":"https:\/\/challenges.agrisudouest.com\/es\/wp-json\/wp\/v2\/pages\/1342\/revisions"}],"predecessor-version":[{"id":1525,"href":"https:\/\/challenges.agrisudouest.com\/es\/wp-json\/wp\/v2\/pages\/1342\/revisions\/1525"}],"wp:attachment":[{"href":"https:\/\/challenges.agrisudouest.com\/es\/wp-json\/wp\/v2\/media?parent=1342"}],"curies":[{"name":"wp","href":"https:\/\/api.w.org\/{rel}","templated":true}]}}